{"id":2986,"date":"2025-10-14T09:28:07","date_gmt":"2025-10-14T09:28:07","guid":{"rendered":"https:\/\/expatlivingdubai.com\/?page_id=2986"},"modified":"2025-10-16T07:21:35","modified_gmt":"2025-10-16T07:21:35","slug":"buying-and-selling-real-estate","status":"publish","type":"page","link":"https:\/\/expatlivingdubai.com\/fr\/buying-and-selling-real-estate\/","title":{"rendered":"Achat et vente de biens immobiliers"},"content":{"rendered":"<div data-elementor-type=\"wp-post\" data-elementor-id=\"2986\" class=\"elementor elementor-2986\" data-elementor-post-type=\"page\">\n\t\t\t\t\t\t<section class=\"elementor-section elementor-top-section elementor-element elementor-element-99097ef elementor-section-full_width elementor-section-content-middle elementor-section-height-default elementor-section-height-default\" data-id=\"99097ef\" data-element_type=\"section\">\n\t\t\t\t\t\t<div class=\"elementor-container elementor-column-gap-no\">\n\t\t\t\t\t<div class=\"elementor-column elementor-col-50 elementor-top-column elementor-element elementor-element-369f3e1e\" data-id=\"369f3e1e\" data-element_type=\"column\" data-settings=\"{&quot;background_background&quot;:&quot;classic&quot;}\">\n\t\t\t<div class=\"elementor-widget-wrap elementor-element-populated\">\n\t\t\t\t\t<div class=\"elementor-background-overlay\"><\/div>\n\t\t\t\t\t\t<div class=\"elementor-element elementor-element-2db422b2 elementor-widget-mobile__width-initial elementor-widget elementor-widget-heading\" data-id=\"2db422b2\" data-element_type=\"widget\" data-settings=\"{&quot;motion_fx_motion_fx_scrolling&quot;:&quot;yes&quot;,&quot;motion_fx_devices&quot;:[&quot;desktop&quot;,&quot;tablet&quot;,&quot;mobile&quot;]}\" data-widget_type=\"heading.default\">\n\t\t\t\t<div class=\"elementor-widget-container\">\n\t\t\t\t\t<h4 class=\"elementor-heading-title elementor-size-default\">Expat Living Real Estate s'engage \u00e0 vos c\u00f4t\u00e9s<\/h4>\t\t\t\t<\/div>\n\t\t\t\t<\/div>\n\t\t\t\t\t<\/div>\n\t\t<\/div>\n\t\t\t\t<div class=\"elementor-column elementor-col-50 elementor-top-column elementor-element elementor-element-2e1b7a84\" data-id=\"2e1b7a84\" data-element_type=\"column\">\n\t\t\t<div class=\"elementor-widget-wrap elementor-element-populated\">\n\t\t\t\t\t\t<div class=\"elementor-element elementor-element-0fb35db elementor-widget__width-initial elementor-widget elementor-widget-heading\" data-id=\"0fb35db\" data-element_type=\"widget\" data-widget_type=\"heading.default\">\n\t\t\t\t<div class=\"elementor-widget-container\">\n\t\t\t\t\t<h1 class=\"elementor-heading-title elementor-size-xl\">Souhaitez-vous investir \u00e0 Duba\u00ef ?<\/h1>\t\t\t\t<\/div>\n\t\t\t\t<\/div>\n\t\t\t\t<div class=\"elementor-element elementor-element-d690e65 elementor-widget__width-initial elementor-widget elementor-widget-text-editor\" data-id=\"d690e65\" data-element_type=\"widget\" data-widget_type=\"text-editor.default\">\n\t\t\t\t<div class=\"elementor-widget-container\">\n\t\t\t\t\t\t\t\t\t<p>\u00a0<\/p><p>Nous accompagnons nos clients \u00e0 chaque \u00e9tape d'une transaction immobili\u00e8re \u00e0 Duba\u00ef, de la recherche du bien id\u00e9al \u00e0 la signature du contrat.<br \/>Notre \u00e9quipe met \u00e0 votre service sa connaissance approfondie du march\u00e9 local afin de vous garantir les meilleures opportunit\u00e9s, que vous achetiez sur plan ou une propri\u00e9t\u00e9 existante.<br \/>En mati\u00e8re de revente, nous optimisons la strat\u00e9gie marketing et g\u00e9rons l'ensemble du processus administratif jusqu'au transfert de propri\u00e9t\u00e9.<\/p>\t\t\t\t\t\t\t\t<\/div>\n\t\t\t\t<\/div>\n\t\t\t\t\t<\/div>\n\t\t<\/div>\n\t\t\t\t\t<\/div>\n\t\t<\/section>\n\t\t\t\t<\/div>","protected":false},"excerpt":{"rendered":"<p>Expat Living Real Estate is committed to you Do you want to invest in Dubai? \u00a0 We support our clients through every stage of a real estate transaction in Dubai\u2014from finding the ideal property to signing on the dotted line.Our team puts its in-depth knowledge of the local market at your service to ensure you [&hellip;]<\/p>","protected":false},"author":1,"featured_media":0,"parent":0,"menu_order":0,"comment_status":"closed","ping_status":"closed","template":"elementor_header_footer","meta":{"footnotes":""},"class_list":["post-2986","page","type-page","status-publish","hentry","entry"],"_links":{"self":[{"href":"https:\/\/expatlivingdubai.com\/fr\/wp-json\/wp\/v2\/pages\/2986","targetHints":{"allow":["GET"]}}],"collection":[{"href":"https:\/\/expatlivingdubai.com\/fr\/wp-json\/wp\/v2\/pages"}],"about":[{"href":"https:\/\/expatlivingdubai.com\/fr\/wp-json\/wp\/v2\/types\/page"}],"author":[{"embeddable":true,"href":"https:\/\/expatlivingdubai.com\/fr\/wp-json\/wp\/v2\/users\/1"}],"replies":[{"embeddable":true,"href":"https:\/\/expatlivingdubai.com\/fr\/wp-json\/wp\/v2\/comments?post=2986"}],"version-history":[{"count":13,"href":"https:\/\/expatlivingdubai.com\/fr\/wp-json\/wp\/v2\/pages\/2986\/revisions"}],"predecessor-version":[{"id":3075,"href":"https:\/\/expatlivingdubai.com\/fr\/wp-json\/wp\/v2\/pages\/2986\/revisions\/3075"}],"wp:attachment":[{"href":"https:\/\/expatlivingdubai.com\/fr\/wp-json\/wp\/v2\/media?parent=2986"}],"curies":[{"name":"wp","href":"https:\/\/api.w.org\/{rel}","templated":true}]}}