{"id":3034,"date":"2025-10-15T08:44:28","date_gmt":"2025-10-15T08:44:28","guid":{"rendered":"https:\/\/expatlivingdubai.com\/?page_id=3034"},"modified":"2025-10-15T08:45:09","modified_gmt":"2025-10-15T08:45:09","slug":"our-story","status":"publish","type":"page","link":"https:\/\/expatlivingdubai.com\/fr\/our-story\/","title":{"rendered":"\u00a0Notre histoire"},"content":{"rendered":"<div data-elementor-type=\"wp-post\" data-elementor-id=\"3034\" class=\"elementor elementor-3034\" data-elementor-post-type=\"page\">\n\t\t\t\t\t\t<section class=\"elementor-section elementor-top-section elementor-element elementor-element-e5823f0 elementor-section-boxed elementor-section-height-default elementor-section-height-default\" data-id=\"e5823f0\" data-element_type=\"section\">\n\t\t\t\t\t\t<div class=\"elementor-container elementor-column-gap-default\">\n\t\t\t\t\t<div class=\"elementor-column elementor-col-100 elementor-top-column elementor-element elementor-element-5db84f3\" data-id=\"5db84f3\" data-element_type=\"column\">\n\t\t\t<div class=\"elementor-widget-wrap elementor-element-populated\">\n\t\t\t\t\t\t<div class=\"elementor-element elementor-element-843fa72 elementor-widget elementor-widget-spacer\" data-id=\"843fa72\" data-element_type=\"widget\" data-widget_type=\"spacer.default\">\n\t\t\t\t<div class=\"elementor-widget-container\">\n\t\t\t\t\t\t\t<div class=\"elementor-spacer\">\n\t\t\t<div class=\"elementor-spacer-inner\"><\/div>\n\t\t<\/div>\n\t\t\t\t\t\t<\/div>\n\t\t\t\t<\/div>\n\t\t\t\t\t<\/div>\n\t\t<\/div>\n\t\t\t\t\t<\/div>\n\t\t<\/section>\n\t\t\t\t<section class=\"elementor-section elementor-top-section elementor-element elementor-element-0c12494 elementor-section-boxed elementor-section-height-default elementor-section-height-default\" data-id=\"0c12494\" data-element_type=\"section\">\n\t\t\t\t\t\t<div class=\"elementor-container elementor-column-gap-default\">\n\t\t\t\t\t<div class=\"elementor-column elementor-col-50 elementor-top-column elementor-element elementor-element-ee89e3c\" data-id=\"ee89e3c\" data-element_type=\"column\">\n\t\t\t<div class=\"elementor-widget-wrap elementor-element-populated\">\n\t\t\t\t\t\t<div class=\"elementor-element elementor-element-2b4f40b elementor-widget elementor-widget-image\" data-id=\"2b4f40b\" data-element_type=\"widget\" data-widget_type=\"image.default\">\n\t\t\t\t<div class=\"elementor-widget-container\">\n\t\t\t\t\t\t\t\t\t\t\t\t\t\t\t<img fetchpriority=\"high\" decoding=\"async\" width=\"1024\" height=\"1024\" src=\"https:\/\/expatlivingdubai.com\/wp-content\/uploads\/2023\/04\/feff540d-0fbb-4183-aa92-b729b5960022.webp\" class=\"attachment-full size-full wp-image-2924\" alt=\"\" srcset=\"https:\/\/expatlivingdubai.com\/wp-content\/uploads\/2023\/04\/feff540d-0fbb-4183-aa92-b729b5960022.webp 1024w, https:\/\/expatlivingdubai.com\/wp-content\/uploads\/2023\/04\/feff540d-0fbb-4183-aa92-b729b5960022-300x300.webp 300w, https:\/\/expatlivingdubai.com\/wp-content\/uploads\/2023\/04\/feff540d-0fbb-4183-aa92-b729b5960022-150x150.webp 150w, https:\/\/expatlivingdubai.com\/wp-content\/uploads\/2023\/04\/feff540d-0fbb-4183-aa92-b729b5960022-768x768.jpg 768w, https:\/\/expatlivingdubai.com\/wp-content\/uploads\/2023\/04\/feff540d-0fbb-4183-aa92-b729b5960022-12x12.jpg 12w, https:\/\/expatlivingdubai.com\/wp-content\/uploads\/2023\/04\/feff540d-0fbb-4183-aa92-b729b5960022-600x600.jpg 600w\" sizes=\"(max-width: 1024px) 100vw, 1024px\" \/>\t\t\t\t\t\t\t\t\t\t\t\t\t\t\t<\/div>\n\t\t\t\t<\/div>\n\t\t\t\t\t<\/div>\n\t\t<\/div>\n\t\t\t\t<div class=\"elementor-column elementor-col-50 elementor-top-column elementor-element elementor-element-8f9f6a5\" data-id=\"8f9f6a5\" data-element_type=\"column\" data-settings=\"{&quot;background_background&quot;:&quot;classic&quot;}\">\n\t\t\t<div class=\"elementor-widget-wrap elementor-element-populated\">\n\t\t\t\t\t\t<div class=\"elementor-element elementor-element-8124106 elementor-widget__width-initial elementor-widget elementor-widget-spacer\" data-id=\"8124106\" data-element_type=\"widget\" data-widget_type=\"spacer.default\">\n\t\t\t\t<div class=\"elementor-widget-container\">\n\t\t\t\t\t\t\t<div class=\"elementor-spacer\">\n\t\t\t<div class=\"elementor-spacer-inner\"><\/div>\n\t\t<\/div>\n\t\t\t\t\t\t<\/div>\n\t\t\t\t<\/div>\n\t\t\t\t<div class=\"elementor-element elementor-element-80fc971 elementor-widget__width-initial elementor-widget elementor-widget-heading\" data-id=\"80fc971\" data-element_type=\"widget\" data-widget_type=\"heading.default\">\n\t\t\t\t<div class=\"elementor-widget-container\">\n\t\t\t\t\t<h1 class=\"elementor-heading-title elementor-size-xl\">Notre histoire<\/h1>\t\t\t\t<\/div>\n\t\t\t\t<\/div>\n\t\t\t\t<div class=\"elementor-element elementor-element-ceda279 elementor-widget elementor-widget-spacer\" data-id=\"ceda279\" data-element_type=\"widget\" data-widget_type=\"spacer.default\">\n\t\t\t\t<div class=\"elementor-widget-container\">\n\t\t\t\t\t\t\t<div class=\"elementor-spacer\">\n\t\t\t<div class=\"elementor-spacer-inner\"><\/div>\n\t\t<\/div>\n\t\t\t\t\t\t<\/div>\n\t\t\t\t<\/div>\n\t\t\t\t<div class=\"elementor-element elementor-element-97e671b elementor-widget elementor-widget-text-editor\" data-id=\"97e671b\" data-element_type=\"widget\" data-widget_type=\"text-editor.default\">\n\t\t\t\t<div class=\"elementor-widget-container\">\n\t\t\t\t\t\t\t\t\t<p>La cr\u00e9ation d'Expat Living Real Estate a \u00e9t\u00e9 motiv\u00e9e par une vision claire : combiner l'expertise immobili\u00e8re avec la complexit\u00e9 du droit immobilier international. Au fil des ans, d'innombrables particuliers et entreprises ont \u00e9t\u00e9 confront\u00e9s \u00e0 des retards inutiles, \u00e0 des litiges co\u00fbteux et \u00e0 des incertitudes lors de transactions immobili\u00e8res. Consciente de cette situation, notre soci\u00e9t\u00e9 a \u00e9t\u00e9 fond\u00e9e dans le but d'apporter clart\u00e9, protection et confiance \u00e0 chaque transaction.<\/p><p>Chez Expat Living Real Estate, nous aidons souvent des clients qui ont rencontr\u00e9 des difficult\u00e9s apr\u00e8s avoir achet\u00e9 des biens immobiliers sans avoir b\u00e9n\u00e9fici\u00e9 de conseils juridiques appropri\u00e9s ou d'une diligence raisonnable.\u00a0<\/p><p>Notre \u00e9quipe, qui combine une expertise dans le courtage immobilier et le droit des soci\u00e9t\u00e9s et fiscal, fournit un soutien complet afin de garantir que chaque acquisition soit conforme aux r\u00e9glementations du D\u00e9partement foncier de Duba\u00ef (DLD) et de la RERA.\u00a0<\/p><p>Nous vous conseillons sur les structures juridiques et les soci\u00e9t\u00e9s Holding les plus adapt\u00e9s, y compris les SPV et les soci\u00e9t\u00e9s en zone franche, afin de garantir la protection de vos actifs, l'efficacit\u00e9 fiscale et la s\u00e9curit\u00e9 \u00e0 long terme de vos investissements. Que vous acqu\u00e9riez, revendiez ou restructuriez votre portefeuille immobilier, notre objectif est de vous aider \u00e0 prendre des d\u00e9cisions \u00e9clair\u00e9es et juridiquement fond\u00e9es \u00e0 chaque \u00e9tape.<\/p>\t\t\t\t\t\t\t\t<\/div>\n\t\t\t\t<\/div>\n\t\t\t\t\t<\/div>\n\t\t<\/div>\n\t\t\t\t\t<\/div>\n\t\t<\/section>\n\t\t\t\t<section class=\"elementor-section elementor-top-section elementor-element elementor-element-dbbf791 elementor-section-boxed elementor-section-height-default elementor-section-height-default\" data-id=\"dbbf791\" data-element_type=\"section\">\n\t\t\t\t\t\t<div class=\"elementor-container elementor-column-gap-default\">\n\t\t\t\t\t<div class=\"elementor-column elementor-col-100 elementor-top-column elementor-element elementor-element-3563b85\" data-id=\"3563b85\" data-element_type=\"column\">\n\t\t\t<div class=\"elementor-widget-wrap\">\n\t\t\t\t\t\t\t<\/div>\n\t\t<\/div>\n\t\t\t\t\t<\/div>\n\t\t<\/section>\n\t\t\t\t<\/div>","protected":false},"excerpt":{"rendered":"<p>Our story The creation of Expat Living Real Estate was driven by a clear vision \u2014 to combine the Real Estate expertise with the complex of world Property Law. Over the years, countless individuals and businesses have faced unnecessary delays, costly disputes, and uncertainty during real estate transactions. Recognizing this, our firm was founded to [&hellip;]<\/p>","protected":false},"author":1,"featured_media":0,"parent":0,"menu_order":0,"comment_status":"closed","ping_status":"closed","template":"elementor_header_footer","meta":{"footnotes":""},"class_list":["post-3034","page","type-page","status-publish","hentry","entry"],"_links":{"self":[{"href":"https:\/\/expatlivingdubai.com\/fr\/wp-json\/wp\/v2\/pages\/3034","targetHints":{"allow":["GET"]}}],"collection":[{"href":"https:\/\/expatlivingdubai.com\/fr\/wp-json\/wp\/v2\/pages"}],"about":[{"href":"https:\/\/expatlivingdubai.com\/fr\/wp-json\/wp\/v2\/types\/page"}],"author":[{"embeddable":true,"href":"https:\/\/expatlivingdubai.com\/fr\/wp-json\/wp\/v2\/users\/1"}],"replies":[{"embeddable":true,"href":"https:\/\/expatlivingdubai.com\/fr\/wp-json\/wp\/v2\/comments?post=3034"}],"version-history":[{"count":4,"href":"https:\/\/expatlivingdubai.com\/fr\/wp-json\/wp\/v2\/pages\/3034\/revisions"}],"predecessor-version":[{"id":3038,"href":"https:\/\/expatlivingdubai.com\/fr\/wp-json\/wp\/v2\/pages\/3034\/revisions\/3038"}],"wp:attachment":[{"href":"https:\/\/expatlivingdubai.com\/fr\/wp-json\/wp\/v2\/media?parent=3034"}],"curies":[{"name":"wp","href":"https:\/\/api.w.org\/{rel}","templated":true}]}}